{"id":7051,"date":"2025-09-03T13:17:48","date_gmt":"2025-09-03T12:17:48","guid":{"rendered":"https:\/\/corcouesurlogne-ecole.fr\/?page_id=7051"},"modified":"2026-01-14T19:10:19","modified_gmt":"2026-01-14T18:10:19","slug":"planning-de-lannee-et-manifestations-2020-2021","status":"publish","type":"page","link":"https:\/\/corcouesurlogne-ecole.fr\/?page_id=7051","title":{"rendered":"A vos agendas !"},"content":{"rendered":"<p>Retrouvez toutes les dates \u00e0 retenir dans les circulaires de chaque p\u00e9riode dans Info St Yves !<\/p>\n<p style=\"text-align: center;\">* * *<\/p>\n<ul>\n<li style=\"list-style-type: none;\">\n<ul>\n<li>Samedi 6 septembre : Loto organis\u00e9 par l\u2019OGEC (\u00e0 La Garnache \u2013 r\u00e9servations aupr\u00e8s de Freddy MERLET 06 26 78 54 12)<\/li>\n<li>Samedi 18 octobre : <span style=\"color: #993366;\"><strong>matin\u00e9e travaux<\/strong><\/span><\/li>\n<li>Samedi 15 novembre : <span style=\"color: #339966;\"><strong>matin\u00e9e obligatoire <\/strong><\/span>: Expo-livres<\/li>\n<li>Vendredi 19 d\u00e9cembre : <strong>Veill\u00e9e de No\u00ebl<\/strong> (date et lieu \u00e0 venir)<\/li>\n<li>Samedi 17 janvier : <strong>Portes-ouvertes <\/strong>de 9h30 \u00e0 12h30<\/li>\n<li>Lundi 26 janvier :&nbsp;<span style=\"color: #0000ff;\"><strong>Conseil d&rsquo;\u00e9tablissement<\/strong><\/span> de 18h30 \u00e0 20h30<\/li>\n<li>Samedi 28 f\u00e9vrier : <span style=\"color: #993366;\"><strong>matin\u00e9e travaux<\/strong><\/span><\/li>\n<li>Jeudi 12 mars : <strong>journ\u00e9e p\u00e9dagogique<\/strong>: Pas classe pour les \u00e9l\u00e8ves (pensez \u00e0 ne pas inscrire votre enfant \u00e0 la cantine)<\/li>\n<li>Samedi 14 mars : <span style=\"color: #339966;\"><strong>matin\u00e9e obligatoire<\/strong><\/span>: Carnaval<\/li>\n<li>Mardi 7 avril : <span style=\"color: #0000ff;\"><strong>Conseil d&rsquo;\u00e9tablissement<\/strong><\/span> de 18h30 \u00e0 20h30<\/li>\n<li>Samedi 11 avril : <span style=\"color: #993366;\"><strong>matin\u00e9e travaux<\/strong><\/span><\/li>\n<li>Dimanche 14 juin : <strong>Kermesse<\/strong><\/li>\n<li>Vendredi 19 juin : <strong>F\u00eate du projet <\/strong>de 18h \u00e0 20h<\/li>\n<li>Vendredi 26 juin&nbsp;: <span style=\"color: #0000ff;\"><strong>Conseil d&rsquo;\u00e9tablissement<\/strong><\/span> de 18h30 \u00e0 20h30<\/li>\n<li>Mardi 30 juin : Journ\u00e9e sportive<\/li>\n<li>Vendredi 3 juillet : Pique-nique de fin d\u2019ann\u00e9e le midi (pensez \u00e0 ne pas inscrire votre enfant \u00e0 la cantine)<\/li>\n<\/ul>\n<\/li>\n<\/ul>\n<p style=\"text-align: center;\">* * *&nbsp;<\/p>\n","protected":false},"excerpt":{"rendered":"<p>Retrouvez toutes les dates \u00e0 retenir dans les circulaires de chaque p\u00e9riode dans Info St Yves ! * * * Samedi 6 septembre : Loto organis\u00e9 par l\u2019OGEC (\u00e0 La Garnache \u2013 r\u00e9servations aupr\u00e8s de Freddy MERLET 06 26 78 54 12) Samedi 18 octobre : matin\u00e9e travaux Samedi 15 novembre : matin\u00e9e obligatoire :<\/p>\n<p><a href=\"https:\/\/corcouesurlogne-ecole.fr\/?page_id=7051\" class=\"more-link themebutton\">Lire la suite<\/a><\/p>\n","protected":false},"author":1,"featured_media":0,"parent":0,"menu_order":0,"comment_status":"closed","ping_status":"closed","template":"","meta":{"ngg_post_thumbnail":0,"footnotes":""},"_links":{"self":[{"href":"https:\/\/corcouesurlogne-ecole.fr\/index.php?rest_route=\/wp\/v2\/pages\/7051"}],"collection":[{"href":"https:\/\/corcouesurlogne-ecole.fr\/index.php?rest_route=\/wp\/v2\/pages"}],"about":[{"href":"https:\/\/corcouesurlogne-ecole.fr\/index.php?rest_route=\/wp\/v2\/types\/page"}],"author":[{"embeddable":true,"href":"https:\/\/corcouesurlogne-ecole.fr\/index.php?rest_route=\/wp\/v2\/users\/1"}],"replies":[{"embeddable":true,"href":"https:\/\/corcouesurlogne-ecole.fr\/index.php?rest_route=%2Fwp%2Fv2%2Fcomments&post=7051"}],"version-history":[{"count":27,"href":"https:\/\/corcouesurlogne-ecole.fr\/index.php?rest_route=\/wp\/v2\/pages\/7051\/revisions"}],"predecessor-version":[{"id":12593,"href":"https:\/\/corcouesurlogne-ecole.fr\/index.php?rest_route=\/wp\/v2\/pages\/7051\/revisions\/12593"}],"wp:attachment":[{"href":"https:\/\/corcouesurlogne-ecole.fr\/index.php?rest_route=%2Fwp%2Fv2%2Fmedia&parent=7051"}],"curies":[{"name":"wp","href":"https:\/\/api.w.org\/{rel}","templated":true}]}}