{"id":6866,"date":"2025-07-05T12:43:32","date_gmt":"2025-07-05T11:43:32","guid":{"rendered":"https:\/\/corcouesurlogne-ecole.fr\/?page_id=6866"},"modified":"2025-07-05T16:11:38","modified_gmt":"2025-07-05T15:11:38","slug":"tarifs","status":"publish","type":"page","link":"https:\/\/corcouesurlogne-ecole.fr\/?page_id=6866","title":{"rendered":"Tarifs"},"content":{"rendered":"<p>Afin d\u2019assurer les d\u00e9penses de l\u2019\u00e9tablissement , les ressources financi\u00e8res&nbsp; sont :<\/p>\n<ul>\n<li><b>d\u2019ordre public <\/b>: une convention est sign\u00e9e avec la mairie et octroie un forfait communal par \u00e9l\u00e8ve (co\u00fbt d\u2019un \u00e9l\u00e8ve du public) . Elle permet de r\u00e9gler les d\u00e9penses de fonctionnement&nbsp; ( eau, \u00e9lectricit\u00e9, chauffage, fournitures et mat\u00e9riels p\u00e9dagogiques ..) et de personnel (assistantes maternelles, surveillante..)<\/li>\n<\/ul>\n<p>&nbsp;<\/p>\n<ul>\n<li><b>d\u2019ordre priv\u00e9 <\/b>: les familles&nbsp; r\u00e8glent une r\u00e9tribution mensuelle&nbsp; qui permet de faire face aux d\u00e9penses&nbsp; immobili\u00e8res&nbsp;&nbsp; (entretien et investissement) , assurance scolaire obligatoire, sorties scolaires\u2026.<\/li>\n<\/ul>\n<p>&nbsp;&nbsp;&nbsp;&nbsp; Son montant est d\u00e9cid\u00e9 chaque ann\u00e9e par les membres de l\u2019OGEC .<\/p>\n<p>&nbsp;<\/p>\n<p><b>R\u00e9tributions 2025\/2026&nbsp;<\/b><\/p>\n<p>Comme l\u2019an pass\u00e9, l\u2019OGEC renouvelle sa proposition de tarifs diff\u00e9renci\u00e9s, dans un esprit de solidarit\u00e9 entre les familles. Trois montants de contribution mensuelle par enfant sont propos\u00e9s au choix des familles (sur 10 mois) :<\/p>\n<h3 style=\"text-align: center;\">30 \u20ac, 32 \u20ac ou 34 \u20ac.<\/h3>\n<p>Par ailleurs, une <strong>participation forfaitaire de 10 \u20ac<\/strong> par enfant est demand\u00e9e afin de contribuer aux <strong>frais des sorties scolaires<\/strong>. Le r\u00e8glement est \u00e0 effectuer par ch\u00e8que libell\u00e9 \u00e0 l\u2019ordre de l\u2019OGEC Saint-Yves.<\/p>\n<p>Pour les \u00e9l\u00e8ves du CP au CM2 mangeant \u00e0 la cantine, une participation financi\u00e8re vous sera demand\u00e9e en cours d\u2019ann\u00e9e pour financer une partie du co\u00fbt de la <strong>surveillance du temps m\u00e9ridien<\/strong>.<\/p>\n<p>&nbsp;<\/p>\n","protected":false},"excerpt":{"rendered":"<p>Afin d\u2019assurer les d\u00e9penses de l\u2019\u00e9tablissement , les ressources financi\u00e8res&nbsp; sont : d\u2019ordre public : une convention est sign\u00e9e avec la mairie et octroie un forfait communal par \u00e9l\u00e8ve (co\u00fbt d\u2019un \u00e9l\u00e8ve du public) . Elle permet de r\u00e9gler les d\u00e9penses de fonctionnement&nbsp; ( eau, \u00e9lectricit\u00e9, chauffage, fournitures et mat\u00e9riels p\u00e9dagogiques ..) et de personnel<\/p>\n<p><a href=\"https:\/\/corcouesurlogne-ecole.fr\/?page_id=6866\" class=\"more-link themebutton\">Lire la suite<\/a><\/p>\n","protected":false},"author":1,"featured_media":0,"parent":0,"menu_order":0,"comment_status":"closed","ping_status":"closed","template":"","meta":{"ngg_post_thumbnail":0,"footnotes":""},"_links":{"self":[{"href":"https:\/\/corcouesurlogne-ecole.fr\/index.php?rest_route=\/wp\/v2\/pages\/6866"}],"collection":[{"href":"https:\/\/corcouesurlogne-ecole.fr\/index.php?rest_route=\/wp\/v2\/pages"}],"about":[{"href":"https:\/\/corcouesurlogne-ecole.fr\/index.php?rest_route=\/wp\/v2\/types\/page"}],"author":[{"embeddable":true,"href":"https:\/\/corcouesurlogne-ecole.fr\/index.php?rest_route=\/wp\/v2\/users\/1"}],"replies":[{"embeddable":true,"href":"https:\/\/corcouesurlogne-ecole.fr\/index.php?rest_route=%2Fwp%2Fv2%2Fcomments&post=6866"}],"version-history":[{"count":19,"href":"https:\/\/corcouesurlogne-ecole.fr\/index.php?rest_route=\/wp\/v2\/pages\/6866\/revisions"}],"predecessor-version":[{"id":10751,"href":"https:\/\/corcouesurlogne-ecole.fr\/index.php?rest_route=\/wp\/v2\/pages\/6866\/revisions\/10751"}],"wp:attachment":[{"href":"https:\/\/corcouesurlogne-ecole.fr\/index.php?rest_route=%2Fwp%2Fv2%2Fmedia&parent=6866"}],"curies":[{"name":"wp","href":"https:\/\/api.w.org\/{rel}","templated":true}]}}