{"id":6084,"date":"2025-03-07T19:02:06","date_gmt":"2025-03-07T18:02:06","guid":{"rendered":"https:\/\/corcouesurlogne-ecole.fr\/?page_id=6084"},"modified":"2025-03-07T22:21:46","modified_gmt":"2025-03-07T21:21:46","slug":"book-costumes","status":"publish","type":"page","link":"https:\/\/corcouesurlogne-ecole.fr\/?page_id=6084","title":{"rendered":"Book costumes"},"content":{"rendered":"<p>Vous trouverez ci-joint&nbsp; les diff\u00e9rents \u00e9l\u00e9ments de costumes disponibles \u00e0 la location.<\/p>\n<p>Vous pouvez contacter : Mme LESAGE au 06 98 08 84 62<\/p>\n\n<p>019\/01\/book-costumes-janv-2019.pdf\u00a0\u00bb]<\/p>\n","protected":false},"excerpt":{"rendered":"<p>Vous trouverez ci-joint&nbsp; les diff\u00e9rents \u00e9l\u00e9ments de costumes disponibles \u00e0 la location. Vous pouvez contacter : Mme LESAGE au 06 98 08 84 62 019\/01\/book-costumes-janv-2019.pdf\u00a0\u00bb]<\/p>\n","protected":false},"author":1,"featured_media":0,"parent":0,"menu_order":0,"comment_status":"closed","ping_status":"closed","template":"","meta":{"ngg_post_thumbnail":0,"footnotes":""},"_links":{"self":[{"href":"https:\/\/corcouesurlogne-ecole.fr\/index.php?rest_route=\/wp\/v2\/pages\/6084"}],"collection":[{"href":"https:\/\/corcouesurlogne-ecole.fr\/index.php?rest_route=\/wp\/v2\/pages"}],"about":[{"href":"https:\/\/corcouesurlogne-ecole.fr\/index.php?rest_route=\/wp\/v2\/types\/page"}],"author":[{"embeddable":true,"href":"https:\/\/corcouesurlogne-ecole.fr\/index.php?rest_route=\/wp\/v2\/users\/1"}],"replies":[{"embeddable":true,"href":"https:\/\/corcouesurlogne-ecole.fr\/index.php?rest_route=%2Fwp%2Fv2%2Fcomments&post=6084"}],"version-history":[{"count":10,"href":"https:\/\/corcouesurlogne-ecole.fr\/index.php?rest_route=\/wp\/v2\/pages\/6084\/revisions"}],"predecessor-version":[{"id":12231,"href":"https:\/\/corcouesurlogne-ecole.fr\/index.php?rest_route=\/wp\/v2\/pages\/6084\/revisions\/12231"}],"wp:attachment":[{"href":"https:\/\/corcouesurlogne-ecole.fr\/index.php?rest_route=%2Fwp%2Fv2%2Fmedia&parent=6084"}],"curies":[{"name":"wp","href":"https:\/\/api.w.org\/{rel}","templated":true}]}}