{"id":49,"date":"2025-08-30T13:27:02","date_gmt":"2025-08-30T12:27:02","guid":{"rendered":"https:\/\/corcouesurlogne-ecole.fr\/?page_id=49"},"modified":"2025-09-03T23:14:58","modified_gmt":"2025-09-03T22:14:58","slug":"equipe-educative","status":"publish","type":"page","link":"https:\/\/corcouesurlogne-ecole.fr\/?page_id=49","title":{"rendered":"Equipe p\u00e9dagogique"},"content":{"rendered":"<h2><span style=\"color: #800000;\"><strong>Voici l&rsquo;\u00e9quipe 2025-2026 :&nbsp;<br \/>\n<\/strong><\/span><\/h2>\n<p><a href=\"https:\/\/corcouesurlogne-ecole.fr\/wp-content\/uploads\/2025\/09\/BIC-1-equipe.jpg\"><img loading=\"lazy\" decoding=\"async\" class=\"aligncenter size-large wp-image-12511\" src=\"https:\/\/corcouesurlogne-ecole.fr\/wp-content\/uploads\/2025\/09\/BIC-1-equipe-1024x768.jpg\" alt=\"\" width=\"1024\" height=\"768\" srcset=\"https:\/\/corcouesurlogne-ecole.fr\/wp-content\/uploads\/2025\/09\/BIC-1-equipe-1024x768.jpg 1024w, https:\/\/corcouesurlogne-ecole.fr\/wp-content\/uploads\/2025\/09\/BIC-1-equipe-300x225.jpg 300w, https:\/\/corcouesurlogne-ecole.fr\/wp-content\/uploads\/2025\/09\/BIC-1-equipe-768x576.jpg 768w, https:\/\/corcouesurlogne-ecole.fr\/wp-content\/uploads\/2025\/09\/BIC-1-equipe-1536x1152.jpg 1536w, https:\/\/corcouesurlogne-ecole.fr\/wp-content\/uploads\/2025\/09\/BIC-1-equipe.jpg 1600w\" sizes=\"(max-width: 1024px) 100vw, 1024px\" \/><\/a><\/p>\n<p>&nbsp;<\/p>\n<p>Premier rang&nbsp;(de gauche \u00e0 droite) :<\/p>\n<p>G\u00e9raldine PEREIRA (enseignante \u00bc temps en CP-CE2 et \u00bd temps en CP-CM1), Natacha BOULANGER (cheffe d\u2019\u00e9tablissement et enseignante en MS-GS), \u00c9l\u00e9a BATY (enseignante en CM1-CM2), C\u00e9cilia BARRETEAU (ASEM en MS-GS)<\/p>\n<p>Deuxi\u00e8me rang (de gauche \u00e0 droite)&nbsp;:<\/p>\n<p>Jennifer QUINTL\u00c9 (ASEM en TPS-PS), Marion \u00c9PIARD (enseignante \u00bd temps en TPS-PS), Claire CHAPEAU (enseignante \u00be temps en CP-CE2), Charline SOULAT (enseignante sp\u00e9cialis\u00e9e), Ang\u00e9lique BONHOMMET (enseignante en GS-CE1), Camille AB\u00c9LARD (enseignante \u00e0 \u00bd temps en CP-CM1)<\/p>\n<p>Sont absentes sur la photo : Karine GUILLOTEAU (AESH&nbsp;: Accompagnant aux El\u00e8ves en Situation de Handicap), Cl\u00e9mence REMAUD (enseignante \u00bd temps en TPS-PS), Ang\u00e9lique JANNIN (enseignante 1\/3 temps en MS-GS).<\/p>\n","protected":false},"excerpt":{"rendered":"<p>Voici l&rsquo;\u00e9quipe 2025-2026 :&nbsp; &nbsp; Premier rang&nbsp;(de gauche \u00e0 droite) : G\u00e9raldine PEREIRA (enseignante \u00bc temps en CP-CE2 et \u00bd temps en CP-CM1), Natacha BOULANGER (cheffe d\u2019\u00e9tablissement et enseignante en MS-GS), \u00c9l\u00e9a BATY (enseignante en CM1-CM2), C\u00e9cilia BARRETEAU (ASEM en MS-GS) Deuxi\u00e8me rang (de gauche \u00e0 droite)&nbsp;: Jennifer QUINTL\u00c9 (ASEM en TPS-PS), Marion \u00c9PIARD (enseignante<\/p>\n<p><a href=\"https:\/\/corcouesurlogne-ecole.fr\/?page_id=49\" class=\"more-link themebutton\">Lire la suite<\/a><\/p>\n","protected":false},"author":1,"featured_media":0,"parent":0,"menu_order":0,"comment_status":"closed","ping_status":"closed","template":"","meta":{"ngg_post_thumbnail":0,"footnotes":""},"_links":{"self":[{"href":"https:\/\/corcouesurlogne-ecole.fr\/index.php?rest_route=\/wp\/v2\/pages\/49"}],"collection":[{"href":"https:\/\/corcouesurlogne-ecole.fr\/index.php?rest_route=\/wp\/v2\/pages"}],"about":[{"href":"https:\/\/corcouesurlogne-ecole.fr\/index.php?rest_route=\/wp\/v2\/types\/page"}],"author":[{"embeddable":true,"href":"https:\/\/corcouesurlogne-ecole.fr\/index.php?rest_route=\/wp\/v2\/users\/1"}],"replies":[{"embeddable":true,"href":"https:\/\/corcouesurlogne-ecole.fr\/index.php?rest_route=%2Fwp%2Fv2%2Fcomments&post=49"}],"version-history":[{"count":19,"href":"https:\/\/corcouesurlogne-ecole.fr\/index.php?rest_route=\/wp\/v2\/pages\/49\/revisions"}],"predecessor-version":[{"id":12512,"href":"https:\/\/corcouesurlogne-ecole.fr\/index.php?rest_route=\/wp\/v2\/pages\/49\/revisions\/12512"}],"wp:attachment":[{"href":"https:\/\/corcouesurlogne-ecole.fr\/index.php?rest_route=%2Fwp%2Fv2%2Fmedia&parent=49"}],"curies":[{"name":"wp","href":"https:\/\/api.w.org\/{rel}","templated":true}]}}