{"id":46,"date":"2024-06-17T13:26:00","date_gmt":"2024-06-17T12:26:00","guid":{"rendered":"https:\/\/corcouesurlogne-ecole.fr\/?page_id=46"},"modified":"2024-11-06T22:45:09","modified_gmt":"2024-11-06T21:45:09","slug":"projet-de-lecole-de-st-yves","status":"publish","type":"page","link":"https:\/\/corcouesurlogne-ecole.fr\/?page_id=46","title":{"rendered":"Projet \u00e9ducatif de l&rsquo;\u00e9cole"},"content":{"rendered":"<h3><strong>Une \u00e9cole catholique, c\u2019est quoi&nbsp;?<\/strong><\/h3>\n<p>C\u2019est l\u2019association&nbsp;:<\/p>\n<ul>\n<li>de&nbsp;valeurs&nbsp;en r\u00e9f\u00e9rence au message chr\u00e9tien&nbsp;:<br \/>\n<strong>Amour<\/strong>&nbsp;\u2013 <strong>Confiance<\/strong> \u2013 <strong>Libert\u00e9<\/strong>&nbsp;\u2013 <strong>Pauvret\u00e9&nbsp;<\/strong><em>(pouvant \u00eatre illustr\u00e9es par les figures chr\u00e9tiennes que sont Marie, Abraham, David, Mo\u00efse)<\/em>&nbsp;<\/li>\n<li>et de&nbsp;4&nbsp;orientations \u00e9ducatives du dioc\u00e8se&nbsp;de Loire-Atlantique :<u><br \/>\n<\/u>\u00b7 L\u2019\u00e9cole catholique,&nbsp;<strong>lieu de formation int\u00e9grale de la personne humaine<br \/>\n<\/strong>\u00b7 L\u2019\u00e9cole catholique,&nbsp;<strong>lieu d\u2019expression et de r\u00e9alisation de toute personne en communaut\u00e9(s)<br \/>\n<\/strong>\u00b7 L\u2019\u00e9cole catholique,&nbsp;<strong>lieu d\u2019attention aux personnes en situation de fragilit\u00e9<br \/>\n<\/strong>\u00b7 L\u2019\u00e9cole catholique,&nbsp;<strong>lieu de formation au discernement, au choix, \u00e0 la libert\u00e9 et \u00e0 la responsabilit\u00e9.<\/strong><\/li>\n<\/ul>\n<h3><strong>L\u2019Amour&nbsp;<em>(Marie)<\/em><\/strong><\/h3>\n<ul>\n<li>C\u2019est l\u2019amour de son prochain qui donne sens \u00e0 la mission d\u2019\u00e9ducation.<\/li>\n<li>Il r\u00e9unit chacun des acteurs de la communaut\u00e9 \u00e9ducative au service d\u2019un objectif commun&nbsp;: la formation int\u00e9grale de la personne humaine.<\/li>\n<\/ul>\n<h3><strong>La confiance&nbsp;<em>(Abraham)<\/em><\/strong><\/h3>\n<ul>\n<li>La confiance mutuelle entre l\u2019\u00e9cole et les familles est la condition n\u00e9cessaire \u00e0 la mise en \u0153uvre du contrat d\u2019\u00e9ducation qui les lie.<\/li>\n<li>Elle est indispensable afin que chacun puisse trouver sa place au sein de la communaut\u00e9 \u00e9ducative.<\/li>\n<li>C\u2019est \u00e0 cette condition de confiance r\u00e9ciproque que l\u2019\u00e9cole est un lieu d\u2019expression et de r\u00e9alisation de toute personne en communaut\u00e9.<\/li>\n<\/ul>\n<h3><strong>La Pauvret\u00e9&nbsp;<em>(David)<\/em><\/strong><\/h3>\n<ul>\n<li>L\u2019\u00e9cole catholique est un lieu d\u2019attention aux personnes en situation de fragilit\u00e9.<\/li>\n<\/ul>\n<h3><strong>La libert\u00e9&nbsp;<em>(Mo\u00efse)<\/em><\/strong><\/h3>\n<ul>\n<li>Au service des enfants qui lui sont confi\u00e9s, l\u2019enseignement catholique est librement choisi par ses acteurs et par les familles qu\u2019il accueille.<\/li>\n<li>L\u2019\u00e9cole catholique est un lieu de formation au discernement, au choix, \u00e0 la libert\u00e9 et \u00e0 la responsabilit\u00e9.<\/li>\n<\/ul>\n\n","protected":false},"excerpt":{"rendered":"<p>Une \u00e9cole catholique, c\u2019est quoi&nbsp;? C\u2019est l\u2019association&nbsp;: de&nbsp;valeurs&nbsp;en r\u00e9f\u00e9rence au message chr\u00e9tien&nbsp;: Amour&nbsp;\u2013 Confiance \u2013 Libert\u00e9&nbsp;\u2013 Pauvret\u00e9&nbsp;(pouvant \u00eatre illustr\u00e9es par les figures chr\u00e9tiennes que sont Marie, Abraham, David, Mo\u00efse)&nbsp; et de&nbsp;4&nbsp;orientations \u00e9ducatives du dioc\u00e8se&nbsp;de Loire-Atlantique : \u00b7 L\u2019\u00e9cole catholique,&nbsp;lieu de formation int\u00e9grale de la personne humaine \u00b7 L\u2019\u00e9cole catholique,&nbsp;lieu d\u2019expression et de r\u00e9alisation de toute<\/p>\n<p><a href=\"https:\/\/corcouesurlogne-ecole.fr\/?page_id=46\" class=\"more-link themebutton\">Lire la suite<\/a><\/p>\n","protected":false},"author":1,"featured_media":0,"parent":0,"menu_order":0,"comment_status":"closed","ping_status":"closed","template":"","meta":{"ngg_post_thumbnail":0,"footnotes":""},"_links":{"self":[{"href":"https:\/\/corcouesurlogne-ecole.fr\/index.php?rest_route=\/wp\/v2\/pages\/46"}],"collection":[{"href":"https:\/\/corcouesurlogne-ecole.fr\/index.php?rest_route=\/wp\/v2\/pages"}],"about":[{"href":"https:\/\/corcouesurlogne-ecole.fr\/index.php?rest_route=\/wp\/v2\/types\/page"}],"author":[{"embeddable":true,"href":"https:\/\/corcouesurlogne-ecole.fr\/index.php?rest_route=\/wp\/v2\/users\/1"}],"replies":[{"embeddable":true,"href":"https:\/\/corcouesurlogne-ecole.fr\/index.php?rest_route=%2Fwp%2Fv2%2Fcomments&post=46"}],"version-history":[{"count":11,"href":"https:\/\/corcouesurlogne-ecole.fr\/index.php?rest_route=\/wp\/v2\/pages\/46\/revisions"}],"predecessor-version":[{"id":12042,"href":"https:\/\/corcouesurlogne-ecole.fr\/index.php?rest_route=\/wp\/v2\/pages\/46\/revisions\/12042"}],"wp:attachment":[{"href":"https:\/\/corcouesurlogne-ecole.fr\/index.php?rest_route=%2Fwp%2Fv2%2Fmedia&parent=46"}],"curies":[{"name":"wp","href":"https:\/\/api.w.org\/{rel}","templated":true}]}}