{"id":2,"date":"2025-12-01T08:52:09","date_gmt":"2025-12-01T07:52:09","guid":{"rendered":"https:\/\/corcouesurlogne-ecole.fr\/?page_id=2"},"modified":"2026-01-14T18:44:36","modified_gmt":"2026-01-14T17:44:36","slug":"accueil","status":"publish","type":"page","link":"https:\/\/corcouesurlogne-ecole.fr\/","title":{"rendered":"Accueil"},"content":{"rendered":"<h2 style=\"text-align: center;\"><span style=\"color: #3366ff;\"><strong><a href=\"https:\/\/corcouesurlogne-ecole.fr\/wp-content\/uploads\/2025\/12\/Affiche-R2026-bis.png\"><img loading=\"lazy\" decoding=\"async\" class=\"aligncenter wp-image-12568\" src=\"https:\/\/corcouesurlogne-ecole.fr\/wp-content\/uploads\/2025\/12\/Affiche-R2026-bis-683x1024.png\" alt=\"\" width=\"406\" height=\"609\" srcset=\"https:\/\/corcouesurlogne-ecole.fr\/wp-content\/uploads\/2025\/12\/Affiche-R2026-bis-683x1024.png 683w, https:\/\/corcouesurlogne-ecole.fr\/wp-content\/uploads\/2025\/12\/Affiche-R2026-bis-200x300.png 200w, https:\/\/corcouesurlogne-ecole.fr\/wp-content\/uploads\/2025\/12\/Affiche-R2026-bis-768x1152.png 768w, https:\/\/corcouesurlogne-ecole.fr\/wp-content\/uploads\/2025\/12\/Affiche-R2026-bis.png 1024w\" sizes=\"(max-width: 406px) 100vw, 406px\" \/><\/a>Renseignements et visites : <\/strong><\/span><span style=\"color: #3366ff;\"><strong>02 40 05 87 69 &#8211; 07 65 88 20 35<\/strong><\/span><\/h2>\n<h2 style=\"text-align: center;\"><span style=\"color: #3366ff;\"><strong>directionstyves@corcouesurlogne-ecole.fr<\/strong><\/span><\/h2>\n<h1 style=\"text-align: center;\"><a href=\"https:\/\/corcouesurlogne-ecole.fr\/wp-content\/uploads\/2025\/09\/Bandeau-2025-2026.png\"><img loading=\"lazy\" decoding=\"async\" class=\"aligncenter size-medium wp-image-12519\" src=\"https:\/\/corcouesurlogne-ecole.fr\/wp-content\/uploads\/2025\/09\/Bandeau-2025-2026-300x80.png\" alt=\"\" width=\"300\" height=\"80\" srcset=\"https:\/\/corcouesurlogne-ecole.fr\/wp-content\/uploads\/2025\/09\/Bandeau-2025-2026-300x80.png 300w, https:\/\/corcouesurlogne-ecole.fr\/wp-content\/uploads\/2025\/09\/Bandeau-2025-2026-1024x274.png 1024w, https:\/\/corcouesurlogne-ecole.fr\/wp-content\/uploads\/2025\/09\/Bandeau-2025-2026-768x205.png 768w, https:\/\/corcouesurlogne-ecole.fr\/wp-content\/uploads\/2025\/09\/Bandeau-2025-2026.png 1299w\" sizes=\"(max-width: 300px) 100vw, 300px\" \/><\/a><\/h1>\n<hr>\n<h1 style=\"text-align: center;\">&nbsp;<\/h1>\n<div style=\"width: 1170px;\" class=\"wp-video\"><!--[if lt IE 9]><script>document.createElement('video');<\/script><![endif]-->\n<video class=\"wp-video-shortcode\" id=\"video-2-1\" width=\"1170\" height=\"658\" preload=\"metadata\" controls=\"controls\"><source type=\"video\/mp4\" src=\"https:\/\/corcouesurlogne-ecole.fr\/wp-content\/uploads\/2025\/06\/Dji-04771.mp4?_=1\" \/><a href=\"https:\/\/corcouesurlogne-ecole.fr\/wp-content\/uploads\/2025\/06\/Dji-04771.mp4\">https:\/\/corcouesurlogne-ecole.fr\/wp-content\/uploads\/2025\/06\/Dji-04771.mp4<\/a><\/video><\/div>\n<p style=\"text-align: center;\">liens : <a href=\"https:\/\/corcouesurlogne-ecole.fr\/wp-content\/uploads\/2025\/05\/Cour-maternelle.pdf\">Visuel cour maternelle<\/a> et <a href=\"https:\/\/corcouesurlogne-ecole.fr\/wp-content\/uploads\/2025\/05\/Cour-elementaire.pdf\">Visuel cour \u00e9l\u00e9mentaire<\/a><\/p>\n<p>Nos projets vous int\u00e9ressent ! <strong>Vous avez la possibilit\u00e9 de les soutenir en faisant un don <\/strong>ou en <strong>faisant du m\u00e9c\u00e9nat d&rsquo;entreprise<\/strong>.<\/p>\n<p style=\"text-align: left;\"><em>Votre don ouvre droit \u00e0 une r\u00e9duction fiscale de 66% de l\u2019imp\u00f4t sur le revenu ou 75% de l\u2019ISF. Un justificatif vous sera adress\u00e9 par la Fondation la Providence (propri\u00e9taire de l&rsquo;\u00e9cole). lien ci-dessous :<\/em><a href=\"https:\/\/eur03.safelinks.protection.outlook.com\/?url=https%3A%2F%2Fsoutenir.ec44.fr%2Ffaire_un_don%2F%3Fautre_montant%3D100%26nom%3DSaint%2520Yves%26ville%3DCorcoue%2520Sur%2520Logne%26repartition%3D100&amp;data=05%7C02%7Cec.corcoue.st-yves%40ec44.fr%7C595cf5feb5f34dc02cce08dc7b1ba97f%7Cf3bc375f737c4f55b1d09208d32792cd%7C0%7C0%7C638520605995698463%7CUnknown%7CTWFpbGZsb3d8eyJWIjoiMC4wLjAwMDAiLCJQIjoiV2luMzIiLCJBTiI6Ik1haWwiLCJXVCI6Mn0%3D%7C0%7C%7C%7C&amp;sdata=QvwaAEODRyyGESsDTswuFLA4WKYYrU%2BeZhN1yaT1fS0%3D&amp;reserved=0\"><br \/>\n<\/a><a href=\"https:\/\/corcouesurlogne-ecole.fr\/wp-content\/uploads\/2025\/05\/BIC-4-cour-de-recreation.png\"><img loading=\"lazy\" decoding=\"async\" class=\"size-full wp-image-12333 alignright\" src=\"https:\/\/corcouesurlogne-ecole.fr\/wp-content\/uploads\/2025\/05\/BIC-4-cour-de-recreation.png\" alt=\"\" width=\"150\" height=\"150\"><\/a><a href=\"https:\/\/eur03.safelinks.protection.outlook.com\/?url=https%3A%2F%2Fsoutenir.ec44.fr%2Ffaire_un_don%2F%3Fautre_montant%3D100%26nom%3DSaint%2520Yves%26ville%3DCorcoue%2520Sur%2520Logne%26repartition%3D100&amp;data=05%7C02%7Cec.corcoue.st-yves%40ec44.fr%7C595cf5feb5f34dc02cce08dc7b1ba97f%7Cf3bc375f737c4f55b1d09208d32792cd%7C0%7C0%7C638520605995698463%7CUnknown%7CTWFpbGZsb3d8eyJWIjoiMC4wLjAwMDAiLCJQIjoiV2luMzIiLCJBTiI6Ik1haWwiLCJXVCI6Mn0%3D%7C0%7C%7C%7C&amp;sdata=QvwaAEODRyyGESsDTswuFLA4WKYYrU%2BeZhN1yaT1fS0%3D&amp;reserved=0\"><img loading=\"lazy\" decoding=\"async\" class=\"wp-image-11774 alignleft\" src=\"https:\/\/corcouesurlogne-ecole.fr\/wp-content\/uploads\/2024\/06\/baniere-pour-appel-aux-dons-1024x220.png\" alt=\"\" width=\"666\" height=\"143\" srcset=\"https:\/\/corcouesurlogne-ecole.fr\/wp-content\/uploads\/2024\/06\/baniere-pour-appel-aux-dons-1024x220.png 1024w, https:\/\/corcouesurlogne-ecole.fr\/wp-content\/uploads\/2024\/06\/baniere-pour-appel-aux-dons-300x64.png 300w, https:\/\/corcouesurlogne-ecole.fr\/wp-content\/uploads\/2024\/06\/baniere-pour-appel-aux-dons-768x165.png 768w, https:\/\/corcouesurlogne-ecole.fr\/wp-content\/uploads\/2024\/06\/baniere-pour-appel-aux-dons-1536x330.png 1536w, https:\/\/corcouesurlogne-ecole.fr\/wp-content\/uploads\/2024\/06\/baniere-pour-appel-aux-dons-2048x440.png 2048w\" sizes=\"(max-width: 666px) 100vw, 666px\" \/><\/a><span style=\"color: #ff6600;\">&nbsp;<\/span><\/p>\n<p>&nbsp;<\/p>\n<p>&nbsp;<\/p>\n<p>&nbsp;<\/p>\n<hr>\n<p>&nbsp;<\/p>\n<h3 style=\"text-align: center;\"><strong>Tarifs : rubrique \u00ab\u00a0Infos pratiques\u00a0\u00bb &nbsp;&nbsp; &nbsp;&nbsp; <a href=\"https:\/\/corcouesurlogne-ecole.fr\/wp-content\/uploads\/2022\/05\/cropped-logo-menjs-et-france-relance-73938.png\"><img loading=\"lazy\" decoding=\"async\" class=\"wp-image-9305 alignnone\" src=\"https:\/\/corcouesurlogne-ecole.fr\/wp-content\/uploads\/2022\/05\/cropped-logo-menjs-et-france-relance-73938-300x153.png\" alt=\"\" width=\"192\" height=\"98\" srcset=\"https:\/\/corcouesurlogne-ecole.fr\/wp-content\/uploads\/2022\/05\/cropped-logo-menjs-et-france-relance-73938-300x153.png 300w, https:\/\/corcouesurlogne-ecole.fr\/wp-content\/uploads\/2022\/05\/cropped-logo-menjs-et-france-relance-73938.png 388w\" sizes=\"(max-width: 192px) 100vw, 192px\" \/><\/a><\/strong><\/h3>\n<p><a href=\"https:\/\/corcouesurlogne-ecole.fr\/wp-content\/uploads\/2018\/10\/facebook-Ecole-1.jpg\"><img loading=\"lazy\" decoding=\"async\" class=\"aligncenter size-medium wp-image-5701\" src=\"https:\/\/corcouesurlogne-ecole.fr\/wp-content\/uploads\/2018\/10\/facebook-Ecole-1-300x69.jpg\" alt=\"\" width=\"300\" height=\"69\" srcset=\"https:\/\/corcouesurlogne-ecole.fr\/wp-content\/uploads\/2018\/10\/facebook-Ecole-1-300x69.jpg 300w, https:\/\/corcouesurlogne-ecole.fr\/wp-content\/uploads\/2018\/10\/facebook-Ecole-1.jpg 375w\" sizes=\"(max-width: 300px) 100vw, 300px\" \/><\/a><\/p>\n<p><a href=\"https:\/\/www.facebook.com\/Ecole-Saint-Yves-Corcou%C3%A9-sur-Logne-2072585956293401\/\">https:\/\/www.facebook.com\/Ecole-Saint-Yves-Corcou%C3%A9-sur-Logne-2072585956293401\/<\/a><\/p>\n<p>&nbsp;<\/p>\n<p>&nbsp;<\/p>\n<p>&nbsp;<\/p>\n<p>&nbsp;<\/p>\n<h2 style=\"text-align: center;\"><span style=\"color: #800000;\">&nbsp;<\/span><\/h2>\n","protected":false},"excerpt":{"rendered":"<p>Renseignements et visites : 02 40 05 87 69 &#8211; 07 65 88 20 35 directionstyves@corcouesurlogne-ecole.fr &nbsp; liens : Visuel cour maternelle et Visuel cour \u00e9l\u00e9mentaire Nos projets vous int\u00e9ressent ! Vous avez la possibilit\u00e9 de les soutenir en faisant un don ou en faisant du m\u00e9c\u00e9nat d&rsquo;entreprise. Votre don ouvre droit \u00e0 une r\u00e9duction<\/p>\n<p><a href=\"https:\/\/corcouesurlogne-ecole.fr\/\" class=\"more-link themebutton\">Lire la suite<\/a><\/p>\n","protected":false},"author":1,"featured_media":0,"parent":0,"menu_order":0,"comment_status":"closed","ping_status":"closed","template":"","meta":{"ngg_post_thumbnail":0,"footnotes":""},"_links":{"self":[{"href":"https:\/\/corcouesurlogne-ecole.fr\/index.php?rest_route=\/wp\/v2\/pages\/2"}],"collection":[{"href":"https:\/\/corcouesurlogne-ecole.fr\/index.php?rest_route=\/wp\/v2\/pages"}],"about":[{"href":"https:\/\/corcouesurlogne-ecole.fr\/index.php?rest_route=\/wp\/v2\/types\/page"}],"author":[{"embeddable":true,"href":"https:\/\/corcouesurlogne-ecole.fr\/index.php?rest_route=\/wp\/v2\/users\/1"}],"replies":[{"embeddable":true,"href":"https:\/\/corcouesurlogne-ecole.fr\/index.php?rest_route=%2Fwp%2Fv2%2Fcomments&post=2"}],"version-history":[{"count":147,"href":"https:\/\/corcouesurlogne-ecole.fr\/index.php?rest_route=\/wp\/v2\/pages\/2\/revisions"}],"predecessor-version":[{"id":12579,"href":"https:\/\/corcouesurlogne-ecole.fr\/index.php?rest_route=\/wp\/v2\/pages\/2\/revisions\/12579"}],"wp:attachment":[{"href":"https:\/\/corcouesurlogne-ecole.fr\/index.php?rest_route=%2Fwp%2Fv2%2Fmedia&parent=2"}],"curies":[{"name":"wp","href":"https:\/\/api.w.org\/{rel}","templated":true}]}}